{"id":164,"date":"2021-04-20T09:57:37","date_gmt":"2021-04-20T09:57:37","guid":{"rendered":"http:\/\/hotel42palmira.com\/1\/?page_id=164"},"modified":"2022-12-22T16:39:23","modified_gmt":"2022-12-22T16:39:23","slug":"about-us-01","status":"publish","type":"page","link":"https:\/\/hotel42palmira.com\/1\/?page_id=164","title":{"rendered":"Sobre Nosotros"},"content":{"rendered":"<p>[vc_row css=\u00bb.vc_custom_1645455975039{margin-top: 40px !important;}\u00bb][vc_column][vc_single_image image=\u00bb3227&#8243; img_size=\u00bbfull\u00bb][g5element_space spacing=\u00bb90&#8243; spacing_md=\u00bb22&#8243;][\/vc_column][\/vc_row][vc_row el_class=\u00bbvc-col-no-pt\u00bb][vc_column width=\u00bb1\/2&#8243;][vc_single_image image=\u00bb3102&#8243; img_size=\u00bbfull\u00bb][vc_column_text]<\/p>\n<p class=\"CjVfdc\"><span style=\"color: #333333;\">Estamos ubicados en Palmira, a 600 metros del Parque del Azucar, Tenemos recepci\u00f3n las 24 horas, servicio de conserjer\u00eda y organizaci\u00f3n de excursiones. Si buscas algo que hacer, Catedral de Nuestra Se\u00f1ora del Rosario del Palmar (1,3 km), Plaza de Bolivar (1,2 km) y Parque de los Bomberos (1,3 km).<\/span><\/p>\n<div class=\"CjVfdc\">\n<div class=\"U26fgb mUbCce fKz7Od LRAOtb Znu9nd M9Bg4d\" role=\"presentation\" aria-describedby=\"h.iyspfo4m91qc_l\" aria-label=\"Copiar v\u00ednculo de encabezado\" aria-disabled=\"false\" data-tooltip=\"Copiar v\u00ednculo de encabezado\" aria-hidden=\"true\" data-tooltip-position=\"top\" data-tooltip-vertical-offset=\"12\" data-tooltip-horizontal-offset=\"0\">\n<h4 class=\"VTBa7b MbhUzd\"><strong><span style=\"color: #339966;\">*Tarifa Empresarial y Precios Especiales<br \/>\npara Delegaciones Deportivas<\/span><\/strong><\/h4>\n<\/div>\n<\/div>\n<p>[\/vc_column_text][vc_single_image image=\u00bb3249&#8243; img_size=\u00bbfull\u00bb][g5element_space spacing=\u00bb90&#8243; spacing_md=\u00bb50&#8243;][\/vc_column][vc_column width=\u00bb1\/2&#8243;][g5element_gallery layout=\u00bbmasonry\u00bb columns_gutter=\u00bb10&#8243; columns_xl=\u00bb2&#8243; columns_lg=\u00bb2&#8243; columns_md=\u00bb2&#8243; columns_sm=\u00bb2&#8243; images=\u00bb3376,3262,3365,3375,3396&#8243;][\/vc_column][\/vc_row][vc_row][vc_column width=\u00bb2\/3&#8243; css=\u00bb.vc_custom_1645501272956{margin: 10px !important;}\u00bb][vc_column_text]<\/p>\n<h3><span style=\"color: #333333;\"><img loading=\"lazy\" decoding=\"async\" class=\"size-medium wp-image-3345 alignleft\" src=\"http:\/\/hotel42palmira.com\/1\/wp-content\/uploads\/2022\/11\/sfdgdfhgfdghfghj-300x126.png\" alt=\"\" width=\"300\" height=\"126\" srcset=\"https:\/\/hotel42palmira.com\/1\/wp-content\/uploads\/2022\/11\/sfdgdfhgfdghfghj-300x126.png 300w, https:\/\/hotel42palmira.com\/1\/wp-content\/uploads\/2022\/11\/sfdgdfhgfdghfghj.png 509w\" sizes=\"auto, (max-width: 300px) 100vw, 300px\" \/><span style=\"color: #339966;\">Aeropuerto a 15 Minutos<br \/>\n<\/span><\/span><span style=\"color: #339966;\">de Distancia al Hotel<\/span><\/h3>\n<p><span style=\"color: #333333;\"><strong>4.8 Kilometros de Distancia<\/strong><\/span>[\/vc_column_text][vc_raw_html css=\u00bb.vc_custom_1669347660467{margin-top: 20px !important;margin-right: 20px !important;margin-bottom: 20px !important;margin-left: 20px !important;}\u00bb]JTNDaWZyYW1lJTIwc3JjJTNEJTIyaHR0cHMlM0ElMkYlMkZ3d3cuZ29vZ2xlLmNvbSUyRm1hcHMlMkZlbWJlZCUzRnBiJTNEJTIxMW0yOCUyMTFtMTIlMjExbTMlMjExZDI2NTk2LjYzMjg0NTQ2NDE3MyUyMTJkLTc2LjM2MzM0MTQ1MjUyMTElMjEzZDMuNTI2Njg5OTcyNTM1NDE0JTIxMm0zJTIxMWYwJTIxMmYwJTIxM2YwJTIxM20yJTIxMWkxMDI0JTIxMmk3NjglMjE0ZjEzLjElMjE0bTEzJTIxM2UwJTIxNG01JTIxMXMweDhlM2EwNmJlOWEzMGRjMTElMjUzQTB4OTE0OWQ2MzE2NmQyMzc3JTIxMnNBZXJvcHVlcnRvJTI1MjBJbnRlcm5hY2lvbmFsJTI1MjBBbGZvbnNvJTI1MjBCb25pbGxhJTI1MjBBcmFnb24lMjUyQyUyNTIwUGFsbWlyYSUyNTJDJTI1MjBWYWxsZSUyNTIwZGVsJTI1MjBDYXVjYSUyMTNtMiUyMTFkMy41MzU2NDkyOTk5OTk5OTk4JTIxMmQtNzYuMzg3MDQxMDk5OTk5OTklMjE0bTUlMjExczB4OGUzYTA1NDdmNDBjMDliOSUyNTNBMHg2MDcyOTE2MWJjNjMzODg2JTIxMnNIb3N0YWwlMjUyMDQyJTI1MkMlMjUyMENhbGxlJTI1MjA0MiUyNTJDJTI1MjBQYWxtaXJhJTI1MkMlMjUyMFZhbGxlJTI1MjBkZWwlMjUyMENhdWNhJTIxM20yJTIxMWQzLjUzODU1MDU5OTk5OTk5OTglMjEyZC03Ni4zMDI2ODg2JTIxNWUwJTIxM20yJTIxMXNlcy00MTklMjEyc2NvJTIxNHYxNjY5MzQ3MzgxMjQ3JTIxNW0yJTIxMXNlcy00MTklMjEyc2NvJTIyJTIwd2lkdGglM0QlMjIxMDAlMjUlMjIlMjBoZWlnaHQlM0QlMjIzMDAlMjIlMjBzdHlsZSUzRCUyMmJvcmRlciUzQTAlM0IlMjIlMjBhbGxvd2Z1bGxzY3JlZW4lM0QlMjIlMjIlMjBsb2FkaW5nJTNEJTIybGF6eSUyMiUyMHJlZmVycmVycG9saWN5JTNEJTIybm8tcmVmZXJyZXItd2hlbi1kb3duZ3JhZGUlMjIlM0UlM0MlMkZpZnJhbWUlM0U=[\/vc_raw_html][vc_column_text]<\/p>\n<h4 style=\"font-family: Poppins;\"><img loading=\"lazy\" decoding=\"async\" class=\"wp-image-3422 alignleft\" src=\"http:\/\/hotel42palmira.com\/1\/wp-content\/uploads\/2022\/12\/traslados.jpg\" alt=\"\" width=\"424\" height=\"222\" srcset=\"https:\/\/hotel42palmira.com\/1\/wp-content\/uploads\/2022\/12\/traslados.jpg 1000w, https:\/\/hotel42palmira.com\/1\/wp-content\/uploads\/2022\/12\/traslados-300x157.jpg 300w, https:\/\/hotel42palmira.com\/1\/wp-content\/uploads\/2022\/12\/traslados-768x402.jpg 768w\" sizes=\"auto, (max-width: 424px) 100vw, 424px\" \/><span style=\"color: #333333;\"><span style=\"color: #339966;\"><br \/>\n*NOTA:<\/span> Te Recogemos desde el Aeropuerto Alfonso Bonilla Aragon<br \/>\npor un Suplemento.<\/span><\/h4>\n<h4><\/h4>\n<p>[\/vc_column_text][\/vc_column][vc_column width=\u00bb1\/3&#8243;][vc_single_image image=\u00bb3342&#8243; img_size=\u00bbfull\u00bb][\/vc_column][\/vc_row][vc_row el_class=\u00bbvc-col-no-pt g5core__vc-width-1200&#8243;][vc_column][g5element_heading layout_style=\u00bbstyle-02&#8243; title=\u00bbRese\u00f1as de Clientes\u00bb title_typography=\u00bb%7B%22font_family%22%3A%22%22%2C%22font_weight%22%3A%22%22%2C%22font_style%22%3A%22%22%2C%22font_size_lg%22%3A%2240%22%2C%22font_size_md%22%3A%22%22%2C%22font_size_sm%22%3A%22%22%2C%22font_size_xs%22%3A%22%22%2C%22align%22%3A%22%22%2C%22text_transform%22%3A%22%22%2C%22line_height%22%3A%22%22%2C%22letter_spacing%22%3A%22%22%2C%22color%22%3A%22%22%2C%22hover_color%22%3A%22%22%7D\u00bb][g5element_space spacing=\u00bb45&#8243; spacing_md=\u00bb20&#8243;][g5element_slider_container slides_to_show=\u00bb3&#8243; columns_md=\u00bb2&#8243; columns_sm=\u00bb2&#8243; columns_xs=\u00bb1&#8243; dots_navigation=\u00bb\u00bb autoplay_enable=\u00bbon\u00bb infinite_loop=\u00bbon\u00bb margin_item=\u00bb60&#8243;][g5element_testimonial layout_style=\u00bbstyle-08&#8243; align=\u00bbcenter\u00bb author_avatar=\u00bb2786&#8243; img_size=\u00bbimg-size-lg\u00bb author_name=\u00bbKatrina Gonzales\u00bb author_job=\u00bb\u00bb author_bio=\u00bb\u201cRealmente estuve solo un dia de paso pero me gusto la cercania al aeropuerto y el personal del hotel muy amable\u201d\u00bb content_quote=\u00bbon\u00bb author_link=\u00bb\u00bb][g5element_testimonial layout_style=\u00bbstyle-08&#8243; align=\u00bbcenter\u00bb author_avatar=\u00bb2789&#8243; img_size=\u00bbimg-size-lg\u00bb author_name=\u00bbCarolina Andrade\u00bb author_job=\u00bb\u00bb author_bio=\u00bbLa atencion, limpieza, trato al huesped, excepcional, recomiendo este hotel , mi mam\u00e1 llegaba pasadas las 12 de la noche y ellos muy amablemente la recibieron, un excelente hotel.\u00bb content_quote=\u00bbon\u00bb author_link=\u00bb\u00bb][g5element_testimonial layout_style=\u00bbstyle-08&#8243; align=\u00bbcenter\u00bb author_avatar=\u00bb2785&#8243; img_size=\u00bbimg-size-lg\u00bb author_name=\u00bbLuz Dary\u00bb author_job=\u00bb\u00bb author_bio=\u00bbMuy buenas las habitaciones y el personal muy atento, llegamos y estaba todo listo de acuerdo a lo solicitado telef\u00f3nicamente. En general las habitaciones y las instalaciones muy limpias.\u00bb content_quote=\u00bbon\u00bb author_link=\u00bb\u00bb][g5element_testimonial layout_style=\u00bbstyle-08&#8243; align=\u00bbcenter\u00bb author_avatar=\u00bb2787&#8243; img_size=\u00bbimg-size-lg\u00bb author_name=\u00bbDaniela Alvarez\u00bb author_job=\u00bb\u00bb author_bio=\u00bbQueda cerca del aeropuerto. Ya es la tercera vez que me alojo y me ha ido bien.<br \/>\nDoy una muy buena recomendaci\u00f3n del transporte y de todo en general.\u00bb content_quote=\u00bbon\u00bb author_link=\u00bb\u00bb][g5element_testimonial layout_style=\u00bbstyle-08&#8243; align=\u00bbcenter\u00bb author_avatar=\u00bb2788&#8243; img_size=\u00bbimg-size-lg\u00bb author_name=\u00bbSandra Mejia\u00bb author_job=\u00bb\u00bb author_bio=\u00bb\u201cMe agrado la seguridad, la tranquilidad y ubicaci\u00f3n, no conocoa es la primera vez que viajo por Cal\u00ed. La puntualidad y seguridad con el servicio de taxi al Aeropuerto. La Higiene y comodidad de sus habitaciones.\u201d\u00bb content_quote=\u00bbon\u00bb author_link=\u00bb\u00bb][\/g5element_slider_container][\/vc_column][\/vc_row][vc_row el_class=\u00bbvc-col-no-pt g5core__vc-width-1200&#8243;][vc_column][g5element_space spacing=\u00bb100&#8243; spacing_lg=\u00bb50&#8243; spacing_md=\u00bb40&#8243;][vc_column_text]<\/p>\n<h3 style=\"text-align: center;\"><span style=\"color: #333333;\">Atracciones Turisticas<\/span><\/h3>\n<p>[\/vc_column_text][\/vc_column][\/vc_row][vc_row el_class=\u00bbvc-col-no-pt g5core__vc-width-1200&#8243;][vc_column width=\u00bb1\/4&#8243;][vc_single_image image=\u00bb3349&#8243; img_size=\u00bbfull\u00bb onclick=\u00bbcustom_link\u00bb link=\u00bbhttps:\/\/www.google.com\/search?q=Centro+Comercial+Llanogrande&amp;stick=H4sIAAAAAAAAAONgFuLUz9U3ME-vKshV4tFP1zcsNE3KTakqKNJSzE620s_JT04syczPgzOsEktKihKTQcxiAIR-tmw-AAAA#fpstate=trskp&amp;trifp=kpq%253DCentro%252BComercial%252BLlanogrande%2526skpm%253D\/g\/1q5bmdzpr%2526t%253Dd\u00bb][\/vc_column][vc_column width=\u00bb1\/4&#8243;][vc_single_image image=\u00bb3350&#8243; img_size=\u00bbfull\u00bb onclick=\u00bbcustom_link\u00bb link=\u00bbhttps:\/\/www.google.com\/search?q=Parque+la+Factor%C3%ADa&amp;stick=H4sIAAAAAAAAAONgFuLUz9U3ME-vKshV4tZP1zcsSa5Mz6jM01LMTrbSz8lPTizJzM-DM6wSS0qKEpNBzGIA6qas3T0AAAA#fpstate=trskp&amp;trifp=kpq%253DParque%252Bla%252BFactor%2525C3%2525ADa%2526skpm%253D\/g\/1tcyghyn%2526t%253Dd\u00bb][\/vc_column][vc_column width=\u00bb1\/4&#8243;][vc_single_image image=\u00bb3357&#8243; img_size=\u00bbfull\u00bb onclick=\u00bbcustom_link\u00bb link=\u00bbhttps:\/\/www.google.com\/search?q=Bosque+Municipal+Palmira&amp;stick=H4sIAAAAAAAAAONgFuLUz9U3ME-vKshV4tVP1zc0TDYurkirNDbRUsxOttLPyU9OLMnMz4MzrBJLSooSk0HMYgDJJfg8PwAAAA#fpstate=trskp&amp;trifp=kpq%253DBosque%252BMunicipal%252BPalmira%2526skpm%253D\/g\/11c3sxfy34%2526t%253Dd\u00bb][\/vc_column][vc_column width=\u00bb1\/4&#8243;][vc_single_image image=\u00bb3355&#8243; img_size=\u00bbfull\u00bb onclick=\u00bbcustom_link\u00bb link=\u00bbhttps:\/\/www.google.com\/search?q=Parque+de+Az%C3%BAcar+Palmira&amp;stick=H4sIAAAAAAAAAONgFuLUz9U3ME-vKshV4tVP1zc0TDIvNMgoS0_RUsxOttLPyU9OLMnMz4MzrBJLSooSk0HMYgBQmSHPPwAAAA#fpstate=trskp&amp;trifp=kpq%253DParque%252Bde%252BAz%2525C3%2525BAcar%252BPalmira%2526skpm%253D\/g\/11b7q0hvgd%2526t%253Dd\u00bb][\/vc_column][\/vc_row][vc_row el_class=\u00bbvc-col-no-pt g5core__vc-width-1200&#8243;][vc_column width=\u00bb1\/4&#8243;][vc_single_image image=\u00bb3351&#8243; img_size=\u00bbfull\u00bb onclick=\u00bbcustom_link\u00bb link=\u00bbhttps:\/\/www.google.com\/search?q=Museo+Arqueol%C3%B3gico+de+Palmira&amp;stick=H4sIAAAAAAAAAONgFuLUz9U3ME-vKshV4tVP1zc0TDZLTosvMi7WUsxOttLPyU9OLMnMz4MzrBJLSooSk0HMYgAnkv9jPwAAAA#fpstate=trskp&amp;trifp=kpq%253DMuseo%252BArqueol%2525C3%2525B3gico%252Bde%252BPalmira%2526skpm%253D\/g\/11c6cf_r3s%2526t%253Dd\u00bb][\/vc_column][vc_column width=\u00bb1\/4&#8243;][vc_single_image image=\u00bb3359&#8243; img_size=\u00bbfull\u00bb onclick=\u00bbcustom_link\u00bb link=\u00bbhttps:\/\/www.google.com\/search?q=Museo+A%C3%A9reo+Fenix&amp;stick=H4sIAAAAAAAAAONgFuLUz9U3ME-vKshV4tZP1zcsSS7LNrEs11LMTrbSz8lPTizJzM-DM6wSS0qKEpNBzGIAuetGED0AAAA#fpstate=trskp&amp;trifp=kpq%253DMuseo%252BA%2525C3%2525A9reo%252BFenix%2526skpm%253D\/g\/1tcvk49w%2526t%253Dd\u00bb][\/vc_column][vc_column width=\u00bb1\/4&#8243;][vc_single_image image=\u00bb3354&#8243; img_size=\u00bbfull\u00bb onclick=\u00bbcustom_link\u00bb link=\u00bbhttps:\/\/www.google.com\/search?q=Reserva+Natural+Nirvana&amp;stick=H4sIAAAAAAAAAONgFuLUz9U3ME-vKshV4tVP1zc0TLIosywstyjSUsxOttLPyU9OLMnMz4MzrBJLSooSk0HMYgAsovMvPwAAAA#fpstate=trskp&amp;trifp=kpq%253DReserva%252BNatural%252BNirvana%2526skpm%253D\/g\/11b8v9qw8r%2526t%253Dd\u00bb][\/vc_column][vc_column width=\u00bb1\/4&#8243;][vc_single_image image=\u00bb3353&#8243; img_size=\u00bbfull\u00bb onclick=\u00bbcustom_link\u00bb link=\u00bbhttps:\/\/www.google.com\/search?q=Centro+Comercial+Unicentro+Palmira&amp;stick=H4sIAAAAAAAAAONgFuLUz9U3ME-vKshV4tVP1zc0TDYsMisuTrfUUsxOttLPyU9OLMnMz4MzrBJLSooSk0HMYgCykZ1uPwAAAA#fpstate=trskp&amp;trifp=kpq%253DCentro%252BComercial%252BUnicentro%252BPalmira%2526skpm%253D\/g\/11c1r6ssg9%2526t%253Dd\u00bb][\/vc_column][\/vc_row][vc_row el_class=\u00bbvc-col-no-pt g5core__vc-width-1200&#8243;][vc_column width=\u00bb1\/4&#8243;][vc_single_image image=\u00bb3356&#8243; img_size=\u00bbfull\u00bb onclick=\u00bbcustom_link\u00bb link=\u00bbhttps:\/\/www.google.com\/search?q=Catedral+de+Nuestra+Se%C3%B1ora+del+Rosario+del+Palmar&amp;stick=H4sIAAAAAAAAAONgFuLUz9U3ME-vKshV4tFP1zfMSDNJSq4yLddSzE620s_JT04syczPgzOsEktKihKTQcxiAGpAQeY-AAAA#fpstate=trskp&amp;trifp=kpq%253DCatedral%252Bde%252BNuestra%252BSe%2525C3%2525B1ora%252Bdel%252BRosario%252Bdel%252BPalmar%2526skpm%253D\/g\/1hf4bcz5w%2526t%253Dd\u00bb][\/vc_column][vc_column width=\u00bb1\/4&#8243;][vc_single_image image=\u00bb3358&#8243; img_size=\u00bbfull\u00bb onclick=\u00bbcustom_link\u00bb link=\u00bbhttps:\/\/www.google.com\/search?q=Parque+de+los+Bomberos&amp;stick=H4sIAAAAAAAAAONgFuLUz9U3ME-vKshV4tVP1zc0TDYrKTMtsMzVUsxOttLPyU9OLMnMz4MzrBJLSooSk0HMYgDCrhSLPwAAAA#fpstate=trskp&amp;trifp=kpq%253DParque%252Bde%252Blos%252BBomberos%2526skpm%253D\/g\/11c6tv5p9m%2526t%253Dd\u00bb][\/vc_column][vc_column width=\u00bb1\/4&#8243;][vc_single_image image=\u00bb3352&#8243; img_size=\u00bbfull\u00bb onclick=\u00bbcustom_link\u00bb link=\u00bbhttps:\/\/www.google.com\/search?q=Parque+Bolivar&amp;stick=H4sIAAAAAAAAAONgFuLUz9U3ME-vKshV4tZP1zcsqTI3Sku31FLMTrbSz8lPTizJzM-DM6wSS0qKEpNBzGIAVPAJ8j0AAAA#fpstate=trskp&amp;trifp=kpq%253DParque%252BBolivar%2526skpm%253D\/g\/1tz72fg9%2526t%253Dd\u00bb][\/vc_column][vc_column width=\u00bb1\/4&#8243;][\/vc_column][\/vc_row][vc_row el_class=\u00bbvc-col-no-pt g5core__vc-width-1200&#8243;][vc_column][g5element_space spacing=\u00bb70&#8243; spacing_lg=\u00bb40&#8243; spacing_md=\u00bb30&#8243;][g5element_heading layout_style=\u00bbstyle-02&#8243; title=\u00bbAs\u00ed Estamos Ubicados\u00bb title_typography=\u00bb%7B%22font_family%22%3A%22%22%2C%22font_weight%22%3A%22%22%2C%22font_style%22%3A%22%22%2C%22font_size_lg%22%3A%2240%22%2C%22font_size_md%22%3A%22%22%2C%22font_size_sm%22%3A%22%22%2C%22font_size_xs%22%3A%22%22%2C%22align%22%3A%22%22%2C%22text_transform%22%3A%22%22%2C%22line_height%22%3A%22%22%2C%22letter_spacing%22%3A%22%22%2C%22color%22%3A%22%22%2C%22hover_color%22%3A%22%22%7D\u00bb][g5element_space spacing=\u00bb30&#8243; spacing_md=\u00bb10&#8243;][\/vc_column][\/vc_row][vc_row][vc_column css=\u00bb.vc_custom_1645501272956{margin: 10px !important;}\u00bb][g5element_heading layout_style=\u00bbstyle-02&#8243; title=\u00bbCalle 42 # 33 &#8211; 33 Palmira, Valle del Cauca\u00bb tag_html=\u00bb6&#8243; switch_line_field=\u00bbon\u00bb line_separate_color=\u00bbsecondary\u00bb title_typography=\u00bb%7B%22font_family%22%3A%22%22%2C%22font_weight%22%3A%22%22%2C%22font_style%22%3A%22%22%2C%22font_size_lg%22%3A%2220%22%2C%22font_size_md%22%3A%22%22%2C%22font_size_sm%22%3A%22%22%2C%22font_size_xs%22%3A%22%22%2C%22align%22%3A%22%22%2C%22text_transform%22%3A%22%22%2C%22line_height%22%3A%22%22%2C%22letter_spacing%22%3A%22%22%2C%22color%22%3A%22secondary%22%2C%22hover_color%22%3A%22%22%7D\u00bb][vc_raw_html css=\u00bb.vc_custom_1669347450715{margin-top: 20px !important;margin-right: 20px !important;margin-bottom: 20px !important;margin-left: 20px !important;}\u00bb]JTNDaWZyYW1lJTIwc3JjJTNEJTIyaHR0cHMlM0ElMkYlMkZ3d3cuZ29vZ2xlLmNvbSUyRm1hcHMlMkZlbWJlZCUzRnBiJTNEJTIxMW0xOCUyMTFtMTIlMjExbTMlMjExZDU5MjMuNjc0ODY5MjU0Nzg3JTIxMmQtNzYuMzA1Nzg0NjQ0MTUyMTMlMjEzZDMuNTM0ODMyNjAyNDcwNTM0JTIxMm0zJTIxMWYwJTIxMmYwJTIxM2YwJTIxM20yJTIxMWkxMDI0JTIxMmk3NjglMjE0ZjEzLjElMjEzbTMlMjExbTIlMjExczB4OGUzYTA1NDdmNDBjMDliOSUyNTNBMHg2MDcyOTE2MWJjNjMzODg2JTIxMnNIb3N0YWwlMjUyMDQyJTIxNWUwJTIxM20yJTIxMXNlcy00MTklMjEyc2NvJTIxNHYxNjY4NjE2ODMxMTI4JTIxNW0yJTIxMXNlcy00MTklMjEyc2NvJTIyJTIwd2lkdGglM0QlMjIxMDAlMjUlMjIlMjBoZWlnaHQlM0QlMjIzMDAlMjIlMjBzdHlsZSUzRCUyMmJvcmRlciUzQTAlM0IlMjIlMjBhbGxvd2Z1bGxzY3JlZW4lM0QlMjIlMjIlMjBsb2FkaW5nJTNEJTIybGF6eSUyMiUyMHJlZmVycmVycG9saWN5JTNEJTIybm8tcmVmZXJyZXItd2hlbi1kb3duZ3JhZGUlMjIlM0UlM0MlMkZpZnJhbWUlM0U=[\/vc_raw_html][\/vc_column][\/vc_row][vc_row][vc_column width=\u00bb1\/3&#8243;][g5element_heading layout_style=\u00bbstyle-02&#8243; title=\u00bbEstaciones de Gasolina Cercanas\u00bb switch_line_field=\u00bbon\u00bb line_separate_color=\u00bbsecondary\u00bb title_typography=\u00bb%7B%22font_family%22%3A%22%22%2C%22font_weight%22%3A%22%22%2C%22font_style%22%3A%22%22%2C%22font_size_lg%22%3A%2225%22%2C%22font_size_md%22%3A%22%22%2C%22font_size_sm%22%3A%22%22%2C%22font_size_xs%22%3A%22%22%2C%22align%22%3A%22%22%2C%22text_transform%22%3A%22%22%2C%22line_height%22%3A%22%22%2C%22letter_spacing%22%3A%22%22%2C%22color%22%3A%22%22%2C%22hover_color%22%3A%22%22%7D\u00bb][g5element_space spacing=\u00bb10&#8243; spacing_md=\u00bb10&#8243;][vc_raw_html]JTNDaWZyYW1lJTIwc3JjJTNEJTIyaHR0cHMlM0ElMkYlMkZ3d3cuZ29vZ2xlLmNvbSUyRm1hcHMlMkZlbWJlZCUzRnBiJTNEJTIxMW0xNiUyMTFtMTIlMjExbTMlMjExZDM5ODIuMjEyNzI1NzU3NTExJTIxMmQtNzYuMzAzOTA1MzY1MjA4MzQlMjEzZDMuNTM4MzE2NDM0ODM1Nzk2NyUyMTJtMyUyMTFmMCUyMTJmMCUyMTNmMCUyMTNtMiUyMTFpMTAyNCUyMTJpNzY4JTIxNGYxMy4xJTIxMm0xJTIxMXNib21iYXMlMjUyMGRlJTI1MjBnYXNvbGluYSUyNTIwcGFsbWlyYSUyMTVlMCUyMTNtMiUyMTFzZXMtNDE5JTIxMnNjbyUyMTR2MTY2OTM0NjY4MzY3OSUyMTVtMiUyMTFzZXMtNDE5JTIxMnNjbyUyMiUyMHdpZHRoJTNEJTIyMTAwJTI1JTIyJTIwaGVpZ2h0JTNEJTIyNDUwJTIyJTIwc3R5bGUlM0QlMjJib3JkZXIlM0EwJTNCJTIyJTIwYWxsb3dmdWxsc2NyZWVuJTNEJTIyJTIyJTIwbG9hZGluZyUzRCUyMmxhenklMjIlMjByZWZlcnJlcnBvbGljeSUzRCUyMm5vLXJlZmVycmVyLXdoZW4tZG93bmdyYWRlJTIyJTNFJTNDJTJGaWZyYW1lJTNF[\/vc_raw_html][\/vc_column][vc_column width=\u00bb1\/3&#8243;][g5element_heading layout_style=\u00bbstyle-02&#8243; title=\u00bbCentros Comerciales Cercanos\u00bb switch_line_field=\u00bbon\u00bb title_typography=\u00bb%7B%22font_family%22%3A%22%22%2C%22font_weight%22%3A%22%22%2C%22font_style%22%3A%22%22%2C%22font_size_lg%22%3A%2225%22%2C%22font_size_md%22%3A%22%22%2C%22font_size_sm%22%3A%22%22%2C%22font_size_xs%22%3A%22%22%2C%22align%22%3A%22%22%2C%22text_transform%22%3A%22%22%2C%22line_height%22%3A%22%22%2C%22letter_spacing%22%3A%22%22%2C%22color%22%3A%22%22%2C%22hover_color%22%3A%22%22%7D\u00bb][g5element_space spacing=\u00bb10&#8243; spacing_md=\u00bb10&#8243;][vc_raw_html]JTNDaWZyYW1lJTIwc3JjJTNEJTIyaHR0cHMlM0ElMkYlMkZ3d3cuZ29vZ2xlLmNvbSUyRm1hcHMlMkZlbWJlZCUzRnBiJTNEJTIxMW0xNiUyMTFtMTIlMjExbTMlMjExZDc3MzcuNzI5ODE0ODkyNzc2JTIxMmQtNzYuMzA4NzMxMDI4MDg5MzElMjEzZDMuNTM0MDE2Nzg1MzM5MTUxJTIxMm0zJTIxMWYwJTIxMmYwJTIxM2YwJTIxM20yJTIxMWkxMDI0JTIxMmk3NjglMjE0ZjEzLjElMjEybTElMjExc0NlbnRyb3MlMjUyMENvbWVyY2lhbGVzJTI1MjBwYWxtaXJhJTIxNWUwJTIxM20yJTIxMXNlcy00MTklMjEyc2NvJTIxNHYxNjY5MzQ2NzU3OTgxJTIxNW0yJTIxMXNlcy00MTklMjEyc2NvJTIyJTIwd2lkdGglM0QlMjIxMDAlMjUlMjIlMjBoZWlnaHQlM0QlMjI0NTAlMjIlMjBzdHlsZSUzRCUyMmJvcmRlciUzQTAlM0IlMjIlMjBhbGxvd2Z1bGxzY3JlZW4lM0QlMjIlMjIlMjBsb2FkaW5nJTNEJTIybGF6eSUyMiUyMHJlZmVycmVycG9saWN5JTNEJTIybm8tcmVmZXJyZXItd2hlbi1kb3duZ3JhZGUlMjIlM0UlM0MlMkZpZnJhbWUlM0U=[\/vc_raw_html][\/vc_column][vc_column width=\u00bb1\/3&#8243;][g5element_heading layout_style=\u00bbstyle-02&#8243; title=\u00bbRestaurantes Cercanos\u00bb switch_line_field=\u00bbon\u00bb title_typography=\u00bb%7B%22font_family%22%3A%22%22%2C%22font_weight%22%3A%22%22%2C%22font_style%22%3A%22%22%2C%22font_size_lg%22%3A%2225%22%2C%22font_size_md%22%3A%22%22%2C%22font_size_sm%22%3A%22%22%2C%22font_size_xs%22%3A%22%22%2C%22align%22%3A%22%22%2C%22text_transform%22%3A%22%22%2C%22line_height%22%3A%22%22%2C%22letter_spacing%22%3A%22%22%2C%22color%22%3A%22%22%2C%22hover_color%22%3A%22%22%7D\u00bb][g5element_space spacing=\u00bb10&#8243; spacing_md=\u00bb10&#8243;][vc_raw_html]JTNDaWZyYW1lJTIwc3JjJTNEJTIyaHR0cHMlM0ElMkYlMkZ3d3cuZ29vZ2xlLmNvbSUyRm1hcHMlMkZlbWJlZCUzRnBiJTNEJTIxMW0xNiUyMTFtMTIlMjExbTMlMjExZDU3MTMuNjE2MjgxMzA2MDM4JTIxMmQtNzYuMzA1Mzg0NjEyOTI1NjElMjEzZDMuNTM3OTY1NjAyMDY2MjgyJTIxMm0zJTIxMWYwJTIxMmYwJTIxM2YwJTIxM20yJTIxMWkxMDI0JTIxMmk3NjglMjE0ZjEzLjElMjEybTElMjExc1Jlc3RhdXJhbnRlcyUyMTVlMCUyMTNtMiUyMTFzZXMtNDE5JTIxMnNjbyUyMTR2MTY2OTM0ODA0NzIwMiUyMTVtMiUyMTFzZXMtNDE5JTIxMnNjbyUyMiUyMHdpZHRoJTNEJTIyMTAwJTI1JTIyJTIwaGVpZ2h0JTNEJTIyNDUwJTIyJTIwc3R5bGUlM0QlMjJib3JkZXIlM0EwJTNCJTIyJTIwYWxsb3dmdWxsc2NyZWVuJTNEJTIyJTIyJTIwbG9hZGluZyUzRCUyMmxhenklMjIlMjByZWZlcnJlcnBvbGljeSUzRCUyMm5vLXJlZmVycmVyLXdoZW4tZG93bmdyYWRlJTIyJTNFJTNDJTJGaWZyYW1lJTNF[\/vc_raw_html][\/vc_column][\/vc_row][vc_row el_class=\u00bbvc-col-no-pt g5core__vc-width-1200&#8243;][vc_column][g5element_space spacing=\u00bb80&#8243; spacing_md=\u00bb67&#8243;][\/vc_column][\/vc_row][vc_row][vc_column width=\u00bb1\/2&#8243;][vc_column_text]<\/p>\n<h4><span style=\"color: #3366ff;\">A 5 Minutos de la Zona Rosa Las Mercedes<\/span><\/h4>\n<p>[\/vc_column_text][g5element_gallery layout=\u00bbmetro-1&#8243; images=\u00bb3407,3408,3410,3412,3413,3419,3420,3418&#8243;][\/vc_column][vc_column width=\u00bb1\/2&#8243;][vc_column_text]<\/p>\n<h4><span style=\"color: #3366ff;\">A 3 Minutos de Zona Comercial Versalles<\/span><\/h4>\n<p>[\/vc_column_text][g5element_gallery layout=\u00bbmetro-1&#8243; images=\u00bb3402,3406,3405,3404,3403,3414,3415,3416&#8243;][\/vc_column][\/vc_row][vc_row el_class=\u00bbvc-col-no-pt g5core__vc-width-1200&#8243;][vc_column][g5element_space spacing=\u00bb120&#8243; spacing_md=\u00bb80&#8243;][g5element_heading layout_style=\u00bbstyle-02&#8243; title=\u00bbNuestro Blog\u00bb title_typography=\u00bb%7B%22font_family%22%3A%22%22%2C%22font_weight%22%3A%22%22%2C%22font_style%22%3A%22%22%2C%22font_size_lg%22%3A%2240%22%2C%22font_size_md%22%3A%22%22%2C%22font_size_sm%22%3A%22%22%2C%22font_size_xs%22%3A%22%22%2C%22align%22%3A%22%22%2C%22text_transform%22%3A%22%22%2C%22line_height%22%3A%22%22%2C%22letter_spacing%22%3A%22%22%2C%22color%22%3A%22%22%2C%22hover_color%22%3A%22%22%7D\u00bb][g5element_space spacing=\u00bb57&#8243; spacing_md=\u00bb40&#8243;][g5element_posts_slider posts_per_page=\u00bb3&#8243; columns_xl=\u00bb3&#8243; columns_lg=\u00bb3&#8243; columns_md=\u00bb2&#8243; columns_sm=\u00bb2&#8243; columns=\u00bb1&#8243; slider_auto_height_enable=\u00bb\u00bb post_image_size=\u00bb370&#215;240&#8243; ids=\u00bb\u00bb][g5element_space spacing=\u00bb80&#8243; spacing_md=\u00bb60&#8243;][\/vc_column][\/vc_row][vc_row][vc_column][vc_single_image image=\u00bb3310&#8243; img_size=\u00bbfull\u00bb][g5element_space spacing=\u00bb20&#8243; spacing_md=\u00bb40&#8243;][\/vc_column][\/vc_row]<\/p>\n","protected":false},"excerpt":{"rendered":"<p>[vc_row css=\u00bb.vc_custom_1645455975039{margin-top: 40px !important;}\u00bb][vc_column][vc_single_image image=\u00bb3227&#8243; img_size=\u00bbfull\u00bb][g5element_space spacing=\u00bb90&#8243; spacing_md=\u00bb22&#8243;][\/vc_column][\/vc_row][vc_row el_class=\u00bbvc-col-no-pt\u00bb][vc_column width=\u00bb1\/2&#8243;][vc_single_image image=\u00bb3102&#8243; img_size=\u00bbfull\u00bb][vc_column_text] Estamos ubicados en Palmira, a 600 metros del Parque del Azucar, Tenemos recepci\u00f3n las 24 horas, servicio de conserjer\u00eda y organizaci\u00f3n de excursiones. Si buscas algo que hacer, Catedral de Nuestra Se\u00f1ora del Rosario del Palmar (1,3 km), Plaza de Bolivar (1,2 km) [&hellip;]<\/p>\n","protected":false},"author":1,"featured_media":0,"parent":0,"menu_order":0,"comment_status":"closed","ping_status":"closed","template":"","meta":{"footnotes":""},"class_list":["post-164","page","type-page","status-publish","hentry"],"_links":{"self":[{"href":"https:\/\/hotel42palmira.com\/1\/index.php?rest_route=\/wp\/v2\/pages\/164","targetHints":{"allow":["GET"]}}],"collection":[{"href":"https:\/\/hotel42palmira.com\/1\/index.php?rest_route=\/wp\/v2\/pages"}],"about":[{"href":"https:\/\/hotel42palmira.com\/1\/index.php?rest_route=\/wp\/v2\/types\/page"}],"author":[{"embeddable":true,"href":"https:\/\/hotel42palmira.com\/1\/index.php?rest_route=\/wp\/v2\/users\/1"}],"replies":[{"embeddable":true,"href":"https:\/\/hotel42palmira.com\/1\/index.php?rest_route=%2Fwp%2Fv2%2Fcomments&post=164"}],"version-history":[{"count":25,"href":"https:\/\/hotel42palmira.com\/1\/index.php?rest_route=\/wp\/v2\/pages\/164\/revisions"}],"predecessor-version":[{"id":3433,"href":"https:\/\/hotel42palmira.com\/1\/index.php?rest_route=\/wp\/v2\/pages\/164\/revisions\/3433"}],"wp:attachment":[{"href":"https:\/\/hotel42palmira.com\/1\/index.php?rest_route=%2Fwp%2Fv2%2Fmedia&parent=164"}],"curies":[{"name":"wp","href":"https:\/\/api.w.org\/{rel}","templated":true}]}}