{"id":3270,"date":"2022-11-20T03:41:55","date_gmt":"2022-11-20T03:41:55","guid":{"rendered":"http:\/\/hotel42palmira.com\/1\/?page_id=3270"},"modified":"2022-12-22T16:40:28","modified_gmt":"2022-12-22T16:40:28","slug":"nuestras-habitaciones","status":"publish","type":"page","link":"https:\/\/hotel42palmira.com\/1\/?page_id=3270","title":{"rendered":"Nuestras Habitaciones"},"content":{"rendered":"<p>[vc_row][vc_column][g5element_gallery layout=\u00bbmasonry\u00bb images=\u00bb3394,3363,3393,3392,3391,3390,3389,3388,3387,3386,3385,3384,3383,3382,3381,3380,3379,3378,3377,3375,3374,3373,3372,3371,3370,3369,3368,3367,3366,3365,3364&#8243;][g5element_space spacing=\u00bb30&#8243;][vc_column_text]<\/p>\n<div class=\"wpb_text_column wpb_content_element \">\n<div class=\"wpb_wrapper\">\n<h5><span style=\"color: #333333;\">Hay recepci\u00f3n 24 horas, servicio de enlace con el aeropuerto, servicio de conserjer\u00eda y Conexi\u00f3n WiFi gratuita en todas las habitaciones y zonas comunes.<\/span><\/h5>\n<h5><span style=\"color: #333333;\">Todas las habitaciones est\u00e1n equipadas con\u00a0 closets, TV de pantalla plana, ba\u00f1o privado, ropa de cama y toallas.<\/span><\/h5>\n<h5><span style=\"color: #333333;\">El Hotel 42 Avenida est\u00e1 a 27 km del parque del Avi\u00f3n y del parque La Flora. El aeropuerto internacional Alfonso Bonilla Arag\u00f3n es el m\u00e1s cercano y queda a 14 km. Si vas a en coche a Hotel 42 Avenida, hay garaje para aparcar disponible.<\/span><\/h5>\n<p>&nbsp;<\/p>\n<h4><span style=\"color: #339966;\">HABITACION INDIVIDUAL CON BA\u00d1O Y VENTILADOR<\/span><br \/>\n<span style=\"color: #339966;\">HABITACION DOBLE CON BA\u00d1O Y VENTILADOR<\/span><br \/>\n<span style=\"color: #339966;\">HABITACION DOBLE CON AIRE ACONDICIONADO Y BA\u00d1O<\/span><br \/>\n<span style=\"color: #339966;\">HABITACI\u00d3N FAMILIAR CON VENTILADOR Y BA\u00d1O<\/span><br \/>\n<span style=\"color: #339966;\">HABITACI\u00d3N FAMILIAR CON AIRE ACONDICIONADO Y BA\u00d1O<\/span><br \/>\n<span style=\"color: #339966;\">HABITACI\u00d3N DOBLE DELUXE CON CAMA SUPLETORIA Y BA\u00d1O<\/span><\/h4>\n<\/div>\n<\/div>\n<p>[\/vc_column_text][vc_single_image image=\u00bb3265&#8243; img_size=\u00bbfull\u00bb css=\u00bb.vc_custom_1671635628214{margin-top: 20px !important;}\u00bb][g5element_button title=\u00bbRESERVAR UNA HABITACI\u00d3N\u00bb color=\u00bbsecondary\u00bb size=\u00bbxl\u00bb align=\u00bbcenter\u00bb icon_font=\u00bbfas fa-badge-check\u00bb is_button_full_width=\u00bbon\u00bb link=\u00bburl:https%3A%2F%2Fapi.whatsapp.com%2Fsend%3Fphone%3D573185569337%26text%3DQuiero%2520Reservar%2520con%2520Ustedes\u00bb][\/vc_column][\/vc_row]<\/p>\n","protected":false},"excerpt":{"rendered":"<p>[vc_row][vc_column][g5element_gallery layout=\u00bbmasonry\u00bb images=\u00bb3394,3363,3393,3392,3391,3390,3389,3388,3387,3386,3385,3384,3383,3382,3381,3380,3379,3378,3377,3375,3374,3373,3372,3371,3370,3369,3368,3367,3366,3365,3364&#8243;][g5element_space spacing=\u00bb30&#8243;][vc_column_text] Hay recepci\u00f3n 24 horas, servicio de enlace con el aeropuerto, servicio de conserjer\u00eda y Conexi\u00f3n WiFi gratuita en todas las habitaciones y zonas comunes. Todas las habitaciones est\u00e1n equipadas con\u00a0 closets, TV de pantalla plana, ba\u00f1o privado, ropa de cama y toallas. El Hotel 42 Avenida est\u00e1 a 27 km del [&hellip;]<\/p>\n","protected":false},"author":1,"featured_media":0,"parent":0,"menu_order":0,"comment_status":"closed","ping_status":"closed","template":"","meta":{"footnotes":""},"class_list":["post-3270","page","type-page","status-publish","hentry"],"_links":{"self":[{"href":"https:\/\/hotel42palmira.com\/1\/index.php?rest_route=\/wp\/v2\/pages\/3270","targetHints":{"allow":["GET"]}}],"collection":[{"href":"https:\/\/hotel42palmira.com\/1\/index.php?rest_route=\/wp\/v2\/pages"}],"about":[{"href":"https:\/\/hotel42palmira.com\/1\/index.php?rest_route=\/wp\/v2\/types\/page"}],"author":[{"embeddable":true,"href":"https:\/\/hotel42palmira.com\/1\/index.php?rest_route=\/wp\/v2\/users\/1"}],"replies":[{"embeddable":true,"href":"https:\/\/hotel42palmira.com\/1\/index.php?rest_route=%2Fwp%2Fv2%2Fcomments&post=3270"}],"version-history":[{"count":7,"href":"https:\/\/hotel42palmira.com\/1\/index.php?rest_route=\/wp\/v2\/pages\/3270\/revisions"}],"predecessor-version":[{"id":3434,"href":"https:\/\/hotel42palmira.com\/1\/index.php?rest_route=\/wp\/v2\/pages\/3270\/revisions\/3434"}],"wp:attachment":[{"href":"https:\/\/hotel42palmira.com\/1\/index.php?rest_route=%2Fwp%2Fv2%2Fmedia&parent=3270"}],"curies":[{"name":"wp","href":"https:\/\/api.w.org\/{rel}","templated":true}]}}